{"id":20574,"date":"2025-06-09T13:24:23","date_gmt":"2025-06-09T12:24:23","guid":{"rendered":"https:\/\/www.coleggwent.ac.uk\/?page_id=20574"},"modified":"2025-11-25T15:35:07","modified_gmt":"2025-11-25T15:35:07","slug":"he-terms-conditions-policies","status":"publish","type":"page","link":"https:\/\/www.coleggwent.ac.uk\/cy\/study\/undergraduates\/he-terms-conditions-policies","title":{"rendered":"Telerau, Amodau a Pholis\u00efau Addysg Uwch"},"content":{"rendered":"<section class=\"masthead bg-yellow bg-pattern-accent bg-pattern-forward block-text-pos\">\n    <div class=\"masthead__inner\">\n        <div class=\"masthead__text fade-in\">\n            <div class=\"block-text accent-yellow\">\n                <div class=\"block-text__body\">\n                    <h1 class=\"display-1 translation-block\"><strong><em>Telerau, Amodau<\/em> a <em>Pholis\u00efau<\/em> Addysg Uwch<\/strong><\/h1>\n                <\/div>\n            <\/div>\n\n                    <\/div>\n\n            <\/div>\n    <div class=\"masthead__image shape-1\">\n                                    <picture>\n                    <source\n                        sizes=\"100vw\"\n                        srcset=\" https:\/\/www.coleggwent.ac.uk\/wp-content\/uploads\/2025\/05\/Partner-universities-masthead-mobile.jpg 860w\"\n                        media=\"(max-width: 768px)\"\n                    >\n                    <source\n                        sizes=\"100vw\"\n                        srcset=\" https:\/\/www.coleggwent.ac.uk\/wp-content\/uploads\/2025\/05\/Partner-universities-masthead-desktop.jpg 1210w,\"\n                    >\n                    <img decoding=\"async\" src=\"https:\/\/www.coleggwent.ac.uk\/wp-content\/uploads\/2025\/05\/Partner-universities-masthead-desktop.jpg\" alt=\"Student at graduation\">\n                <\/picture>\n                        <\/div>\n<\/section>\n\n\n\n<div class=\"feature-wyzsiwyg panel-m accent-yellow\">\n    <div class=\"feature-wyzsiwyg__inner inner\">\n        <div class=\"feature-wyzsiwyg__container fade-in\">\n                                                                        <div class=\"wyzsiwyg wyzsiwyg-general\">\n                            <h2 class=\"globalContent_sub_title fs_bold fs_14 colour6\">Gellir dod o hyd i Bolis\u00efau Addysg Uwch Coleg Gwent, ynghyd \u00e2 pholis\u00efau ein Partneriaid isod<\/h2>\n<p>Ar gyfer rhaglenni wedi\u2019u rhyddfreinio (Prifysgol De Cymru, Prifysgol Metropolitan Caerdydd a Prifysgol Aberystwyth), bydd y Coleg yn gweithio gyda\u2019r Sefydliad AU perthnasol ac yn gwasanaethu ei rwymedigaethau cytundebol i fyfyrwyr a chydymffurfio \u00e2\u2019i ymrwymiadau dan ddeddf defnyddwyr fel yr amlinellir gan yr Awdurdod Cystadleuaeth a Marchnadoedd. Wrth gyflawni hynny, bydd y Coleg a\u2019r Sefydliadau AU yn gweithio i amddiffyn budd y myfyrwyr wrth ymateb i amgylchiadau megis newidiadau sylweddol i\u2019r modd y darperir cwrs neu ddod \u00e2 chwrs i ben. Mae gan y Coleg weithdrefnau yn eu lle i ymateb i\u2019r amgylchiadau hyn a fydd yn lleddfu\u2019r effaith bosibl ar fyfyrwyr ac sydd yn cydnabod anghenion gwahanol ei gorff myfyrwyr amrywiol.<\/p>\n<p>Ar gyfer rhaglenni nad ydynt wedi\u2019u rhyddfreinio (Pearson), bydd y Coleg yn gwasanaethu ei rwymedigaethau cytundebol i fyfyrwyr ac yn cydymffurfio \u00e2\u2019i ymrwymiadau dan ddeddf defnyddwyr fel yr amlinellir gan yr Awdurdod Cystadleuaeth a Marchnadoedd. Wrth gyflawni hynny, bydd y Coleg a\u2019r Sefydliadau AU yn gweithio i amddiffyn budd y myfyrwyr wrth ymateb i amgylchiadau megis newidiadau sylweddol i\u2019r modd y darperir cwrs neu ddod \u00e2 chwrs i ben. Mae gan y Coleg weithdrefnau yn eu lle i ymateb i\u2019r amgylchiadau hyn a fydd yn lleddfu\u2019r effaith bosibl ar fyfyrwyr ac sydd yn cydnabod anghenion gwahanol ei gorff myfyrwyr amrywiol.<\/p>\n                        <\/div>\n                                                    <\/div>\n    <\/div>\n<\/div>\n\n\n\n<section class=\"cta-blocks bg-yellow\">\n    <div class=\"cta-blocks__inner inner panel-p bg-pattern-accent\">\n        <div class=\"cta-blocks__row row justify-content-center gy-4\">\n                                                                    <div class=\"col-lg-4 fade-in\">\n                        <div class=\"cta-block bg-secondary\">\n                                                            <h2 class=\"display-5\">Telerau ac Amodau Contract Myfyriwr Addysg Uwch<\/h2>\n                                                                                        <a href=\"https:\/\/www.coleggwent.ac.uk\/wp-content\/uploads\/2025\/09\/Coleg-Gwent-Terms-and-Conditions-of-the-Student-Contract-2025-EN.pdf\" class=\"btn btn-primary\" target=\"_blank\">Lawrlwythwch<\/a>\n                                                    <\/div>\n                    <\/div>\n                                                        <div class=\"col-lg-4 fade-in\">\n                        <div class=\"cta-block bg-secondary\">\n                                                            <h2 class=\"display-5\">Cwynion Myfyrwyr - Nodiadau Canllaw ar gyfer Myfyrwyr<\/h2>\n                                                                                        <a href=\"https:\/\/www.coleggwent.ac.uk\/wp-content\/uploads\/2025\/09\/HE-Student-Complaints-Guidance-for-Learners-2025-27-EN.pdf\" class=\"btn btn-primary\" target=\"_blank\">Lawrlwythwch<\/a>\n                                                    <\/div>\n                    <\/div>\n                                                        <div class=\"col-lg-4 fade-in\">\n                        <div class=\"cta-block bg-secondary\">\n                                                            <h2 class=\"display-5\">Gweithdrefn a Pholisi Cwyno Myfyrwyr<\/h2>\n                                                                                        <a href=\"https:\/\/www.coleggwent.ac.uk\/wp-content\/uploads\/2025\/09\/Higher-Education-Complaints-Policy-Procedure-2025-EN.pdf\" class=\"btn btn-primary\" target=\"_blank\">Lawrlwythwch<\/a>\n                                                    <\/div>\n                    <\/div>\n                                                        <div class=\"col-lg-4 fade-in\">\n                        <div class=\"cta-block bg-secondary\">\n                                                            <h2 class=\"display-5\">Polisi Derbyn Addysg Uwch<\/h2>\n                                                                                        <a href=\"https:\/\/www.coleggwent.ac.uk\/wp-content\/uploads\/2025\/09\/higher-education-admissions-policy-2025-EN.pdf\" class=\"btn btn-primary\" target=\"_blank\">Lawrlwythwch<\/a>\n                                                    <\/div>\n                    <\/div>\n                                                        <div class=\"col-lg-4 fade-in\">\n                        <div class=\"cta-block bg-secondary\">\n                                                            <h2 class=\"display-5\">Polisi Ffioedd Addysg Uwch<\/h2>\n                                                                                        <a href=\"https:\/\/www.coleggwent.ac.uk\/cy\/terms-conditions-policies\" class=\"btn btn-primary\" target=\"_blank\">Darganfod mwy<\/a>\n                                                    <\/div>\n                    <\/div>\n                                                        <div class=\"col-lg-4 fade-in\">\n                        <div class=\"cta-block bg-secondary\">\n                                                            <h2 class=\"display-5\">Strategaeth Ddwyieithog Addysg Uwch<\/h2>\n                                                                                        <a href=\"https:\/\/www.coleggwent.ac.uk\/cy\/terms-conditions-policies\" class=\"btn btn-primary\" target=\"_blank\">Darganfod mwy<\/a>\n                                                    <\/div>\n                    <\/div>\n                                                        <div class=\"col-lg-4 fade-in\">\n                        <div class=\"cta-block bg-secondary\">\n                                                            <h2 class=\"display-5\">Rheoliadau a Chanllaw Academaidd ar gyfer Rhaglenni Cenedlaethol Uwch Pearson<\/h2>\n                                                                                        <a href=\"https:\/\/www.coleggwent.ac.uk\/wp-content\/uploads\/2025\/09\/Academic-Regulations-and-Guidance-for-Pearson-Higher-National-Programmes-2025-EN.pdf\" class=\"btn btn-primary\" target=\"_blank\">Lawrlwythwch<\/a>\n                                                    <\/div>\n                    <\/div>\n                                                        <div class=\"col-lg-4 fade-in\">\n                        <div class=\"cta-block bg-secondary\">\n                                                            <h2 class=\"display-5\">Polisi Amgylchiadau Lliniarol Rhaglen Pearson<\/h2>\n                                                                                        <a href=\"https:\/\/www.coleggwent.ac.uk\/wp-content\/uploads\/2025\/09\/Higher-Education-Pearson-Programme-Mitigating-Circumstances-Procedure-2025-EN.pdf\" class=\"btn btn-primary\" target=\"_blank\">Lawrlwythwch<\/a>\n                                                    <\/div>\n                    <\/div>\n                                                        <div class=\"col-lg-4 fade-in\">\n                        <div class=\"cta-block bg-secondary\">\n                                                            <h2 class=\"display-5\">Polisi a Gweithdrefn Apeliadau Academaidd Rhaglen Pearson<\/h2>\n                                                                                        <a href=\"https:\/\/www.coleggwent.ac.uk\/wp-content\/uploads\/2025\/09\/Pearson-Higher-Education-Programme-Academic-Appeals-Procedure-2025-EN.pdf\" class=\"btn btn-primary\" target=\"_blank\">Lawrlwythwch<\/a>\n                                                    <\/div>\n                    <\/div>\n                                                        <div class=\"col-lg-4 fade-in\">\n                        <div class=\"cta-block bg-secondary\">\n                                                            <h2 class=\"display-5\">Telerau ac Amodau Israddedigion Aberystwyth<\/h2>\n                                                                                        <a href=\"https:\/\/www.aber.ac.uk\/cy\/undergrad\/terms-conditions\" class=\"btn btn-primary\" target=\"_blank\">Darganfod mwy<\/a>\n                                                    <\/div>\n                    <\/div>\n                                                        <div class=\"col-lg-4 fade-in\">\n                        <div class=\"cta-block bg-secondary\">\n                                                            <h2 class=\"display-5\">Polisi Addasrwydd i Astudio Aberystwyth<\/h2>\n                                                                                        <a href=\"https:\/\/www.aber.ac.uk\/en\/media\/departmental\/governance\/policies\/29474-Support-to-Study-Policy-2022-Final-(2)_cy.pdf\" class=\"btn btn-primary\" target=\"_blank\">Lawrlwythwch<\/a>\n                                                    <\/div>\n                    <\/div>\n                                                        <div class=\"col-lg-4 fade-in\">\n                        <div class=\"cta-block bg-secondary\">\n                                                            <h2 class=\"display-5\">Telerau ac Amodau Cofrestru PDC<\/h2>\n                                                                                        <a href=\"https:\/\/www.aber.ac.uk\/en\/media\/departmental\/governance\/policies\/29474-Support-to-Study-Policy-2022-Final-(2)_cy.pdf\" class=\"btn btn-primary\" target=\"_blank\">Darganfod mwy<\/a>\n                                                    <\/div>\n                    <\/div>\n                                                        <div class=\"col-lg-4 fade-in\">\n                        <div class=\"cta-block bg-secondary\">\n                                                            <h2 class=\"display-5\">Telerau ac Amodau PDC<\/h2>\n                                                                                        <a href=\"https:\/\/www.southwales.ac.uk\/cy\/y-cofrestrfa-academaidd\/rheoliadau-myfyrwyr\/\" class=\"btn btn-primary\" target=\"_blank\">Darganfod mwy<\/a>\n                                                    <\/div>\n                    <\/div>\n                                                        <div class=\"col-lg-4 fade-in\">\n                        <div class=\"cta-block bg-secondary\">\n                                                            <h2 class=\"display-5\">Polisi Addasrwydd i Astudio PDC<\/h2>\n                                                                                        <a href=\"https:\/\/registry.southwales.ac.uk\/academic-registry\/rheoliadau-myfyrwyr\/fitness-to-study-cymraeg-maer-rheoliadau-diogelu-data-cyffredinol-gdpr-bellach-wedi-disodlir-ddeddf-diogelu-data-mae-eglurhad-o-sut-y-bydd-y-brifysgol-yn-defnyddio-eich-data-ar-gael-yma-ac-yn-y-cynllun-cyfathrebu-uchod-noder-yn-unol--rheoliadau\/\" class=\"btn btn-primary\" target=\"_blank\">Darganfod mwy<\/a>\n                                                    <\/div>\n                    <\/div>\n                                                        <div class=\"col-lg-4 fade-in\">\n                        <div class=\"cta-block bg-secondary\">\n                                                            <h2 class=\"display-5\">Telerau ac Amodau Met Caerdydd<\/h2>\n                                                                                        <a href=\"https:\/\/www.cardiffmet.ac.uk\/study\/adviceforapplicants\/Pages\/Terms-and-Conditions.aspx\" class=\"btn btn-primary\" target=\"_blank\">Darganfod mwy<\/a>\n                                                    <\/div>\n                    <\/div>\n                                                        <div class=\"col-lg-4 fade-in\">\n                        <div class=\"cta-block bg-secondary\">\n                                                            <h2 class=\"display-5\">Polisi Addasrwydd i Astudio Met Caerdydd<\/h2>\n                                                                                        <a href=\"https:\/\/www.cardiffmet.ac.uk\/media\/cardiff-met\/content-assets\/english-documents\/Academic-Handbook---AH1_09_03.docx\" class=\"btn btn-primary\" target=\"_blank\">Darganfod mwy<\/a>\n                                                    <\/div>\n                    <\/div>\n                                    <\/div>\n    <\/div>\n<\/section>","protected":false},"excerpt":{"rendered":"","protected":false},"author":14,"featured_media":14773,"parent":13436,"menu_order":0,"comment_status":"closed","ping_status":"closed","template":"","meta":{"_acf_changed":false,"footnotes":""},"class_list":["post-20574","page","type-page","status-publish","has-post-thumbnail","hentry"],"pp_statuses_selecting_workflow":false,"pp_workflow_action":"current","pp_status_selection":"publish","pp_force_visibility":null,"pp_subpost_visibility":null,"pp_inherited_force_visibility":null,"pp_inherited_subpost_visibility":null,"pp_post_mime_type":"","acf":[],"_links":{"self":[{"href":"https:\/\/www.coleggwent.ac.uk\/cy\/wp-json\/wp\/v2\/pages\/20574","targetHints":{"allow":["GET"]}}],"collection":[{"href":"https:\/\/www.coleggwent.ac.uk\/cy\/wp-json\/wp\/v2\/pages"}],"about":[{"href":"https:\/\/www.coleggwent.ac.uk\/cy\/wp-json\/wp\/v2\/types\/page"}],"author":[{"embeddable":true,"href":"https:\/\/www.coleggwent.ac.uk\/cy\/wp-json\/wp\/v2\/users\/14"}],"replies":[{"embeddable":true,"href":"https:\/\/www.coleggwent.ac.uk\/cy\/wp-json\/wp\/v2\/comments?post=20574"}],"version-history":[{"count":10,"href":"https:\/\/www.coleggwent.ac.uk\/cy\/wp-json\/wp\/v2\/pages\/20574\/revisions"}],"predecessor-version":[{"id":32759,"href":"https:\/\/www.coleggwent.ac.uk\/cy\/wp-json\/wp\/v2\/pages\/20574\/revisions\/32759"}],"up":[{"embeddable":true,"href":"https:\/\/www.coleggwent.ac.uk\/cy\/wp-json\/wp\/v2\/pages\/13436"}],"wp:featuredmedia":[{"embeddable":true,"href":"https:\/\/www.coleggwent.ac.uk\/cy\/wp-json\/wp\/v2\/media\/14773"}],"wp:attachment":[{"href":"https:\/\/www.coleggwent.ac.uk\/cy\/wp-json\/wp\/v2\/media?parent=20574"}],"curies":[{"name":"wp","href":"https:\/\/api.w.org\/{rel}","templated":true}]}}